{"id":3691,"date":"2017-04-03T10:22:23","date_gmt":"2017-04-03T08:22:23","guid":{"rendered":"http:\/\/solidaritatubaye.fr\/?page_id=3691"},"modified":"2017-04-03T11:02:54","modified_gmt":"2017-04-03T09:02:54","slug":"situation-en-ubaye","status":"publish","type":"page","link":"https:\/\/solidaritatubaye.fr\/?page_id=3691","title":{"rendered":"Situation en Ubaye"},"content":{"rendered":"<div  class=\"tatsu-ici66783hc2hfn5 tatsu-section    tatsu-clearfix\" data-title=\"\"  data-headerscheme=\"background--light\"><div class='tatsu-section-pad clearfix' data-padding='0px 0% 0px 0%' data-padding-top='0px'><div class=\"tatsu-row-wrap  tatsu-row-full-width tatsu-row-has-one-half tatsu-row-has-two-cols tatsu-zero-margin tatsu-no-gutter tatsu-eq-cols  tatsu-clearfix tatsu-ici66784gs9zmy30\" ><div  class=\"tatsu-row \" ><div  class=\"tatsu-column  tatsu-column-empty tatsu-one-half tatsu-column-align-middle tatsu-column-image- tatsu-column-effect-  tatsu-ici66784mudf7lfn\" data-animation=\"flipInX\"   data-parallax-speed=\"0\" style=\"\"><div class=\"tatsu-column-inner \" ><div class=\"tatsu-column-pad-wrap\"><div class=\"tatsu-column-pad\" ><\/div><\/div><div class = \"tatsu-column-bg-image-wrap\"><div class = \"tatsu-column-bg-image\" ><\/div><\/div><\/div><style>.tatsu-ici66784mudf7lfn.tatsu-column > .tatsu-column-inner > .tatsu-column-bg-image-wrap > .tatsu-column-bg-image{background-image: url(http:\/\/solidaritatubaye.fr\/wp-content\/uploads\/2017\/04\/barcelo_01.jpg);background-repeat: no-repeat;background-attachment: scroll;background-position: bottom right;background-size: cover;}.tatsu-ici66784mudf7lfn.tatsu-column > .tatsu-column-inner > .tatsu-bg-blur{background-repeat: no-repeat;background-attachment: scroll;background-position: bottom right;background-size: cover;}.tatsu-ici66784mudf7lfn.tatsu-column > .tatsu-column-inner > .tatsu-column-pad-wrap > .tatsu-column-pad{padding: 35% 35% 35% 35% ;}.tatsu-ici66784mudf7lfn.tatsu-column > .tatsu-column-inner{border-width: 0 0 0 0;}.tatsu-ici66784mudf7lfn.tatsu-column > .tatsu-column-inner > .tatsu-column-overlay{mix-blend-mode: none;}.tatsu-ici66784mudf7lfn > .tatsu-column-inner > .tatsu-top-divider{z-index: 9999;}.tatsu-ici66784mudf7lfn > .tatsu-column-inner > .tatsu-bottom-divider{z-index: 9999;}.tatsu-ici66784mudf7lfn > .tatsu-column-inner > .tatsu-left-divider{z-index: 9999;}.tatsu-ici66784mudf7lfn > .tatsu-column-inner > .tatsu-right-divider{z-index: 9999;}.tatsu-ici66784mudf7lfn.tatsu-column{transform: translate3d(0px,0px, 0);}<\/style><\/div><div  class=\"tatsu-column  tatsu-column-no-bg tatsu-one-half tatsu-column-align-middle tatsu-column-image- tatsu-column-effect-  tatsu-ici66784ttdyv3gq\" data-animation=\"flipInX\"   data-parallax-speed=\"0\" style=\"\"><div class=\"tatsu-column-inner \" ><div class=\"tatsu-column-pad-wrap\"><div class=\"tatsu-column-pad\" ><div  class=\"tatsu-module tatsu-text-block-wrap tatsu-ici6678522dpkctc  \"><div class=\"tatsu-text-inner tatsu-align-center  clearfix\" data-animation=\"fadeIn\"  ><\/div><\/div><div  class=\"tatsu-module tatsu-divider-wrap tatsu-animate tatsu-ici667853u5u4njk   \"  ><style>.tatsu-ici667853u5u4njk .tatsu-divider{height: 1px;width: 100%;background: rgba(239,239,239,0);}<\/style><hr class=\"tatsu-divider\"\/><\/div><div  class=\"special-subtitle-wrap  tatsu-ici667855z3y4fhz   tatsu-animate \" data-animation=\"fadeIn\"   ><div class=\"align-left\"><span class=\"special-subtitle\" >La situation \u00e0 Barcelonnette<\/span><\/div><style>.tatsu-ici667855z3y4fhz .special-subtitle{font-size: 27px;color: rgba(52,88,132,1) ;width: 100%;}.tatsu-ici667855z3y4fhz.special-subtitle-wrap{margin-bottom: 30px;}<\/style><\/div><div  class=\"tatsu-module tatsu-text-block-wrap tatsu-ici667858sc6rjkt  \"><div class=\"tatsu-text-inner tatsu-align-center  clearfix\" data-animation=\"fadeIn\"  >\n<p>D\u00e9but novembre 2016, une quarantaine de migrants sont arriv\u00e9s \u00e0 Barcelonnette. R\u00e9partis dans 7 appartements, ces \u00ab hommes isol\u00e9s \u00bb sont soudanais, somaliens ou \u00e9rythr\u00e9ens.<\/p>\n<p>Afin de les accueillir, un CAO (Centre d\u2019Accueil et d\u2019Orientation) a vu le jour.\u00a0 Ce type de structure est une initiative de l\u2019Etat pour r\u00e9pondre aux mouvements migratoires et d\u00e9sengorger les lieux comme Calais en r\u00e9partissant les migrants dans toute la France. Le centre fournit un habitat provisoire pour les demandeurs d\u2019asiles le temps qu\u2019ils effectuent leurs d\u00e9marches. Pour les aider dans ce parcours administratif, deux assistants sociaux salari\u00e9s par l\u2019association ADOMA sont \u00e0 leurs c\u00f4t\u00e9s. Par la suite, les migrants devraient \u00eatre accueillis dans un CADA (Centre Accueil des Demandeurs d\u2019Asiles).<\/p>\n<\/div><\/div><div  class=\"tatsu-module tatsu-divider-wrap tatsu-animate tatsu-ici66785a2cblmny   \"  ><style>.tatsu-ici66785a2cblmny .tatsu-divider{height: 50px;width: 100%;background: rgba(239,239,239,0);}<\/style><hr class=\"tatsu-divider\"\/><\/div><\/div><\/div><div class = \"tatsu-column-bg-image-wrap\"><div class = \"tatsu-column-bg-image\" ><\/div><\/div><\/div><style>.tatsu-ici66784ttdyv3gq.tatsu-column > .tatsu-column-inner > .tatsu-column-pad-wrap > .tatsu-column-pad{padding: 0% 10% 0% 10% ;}.tatsu-ici66784ttdyv3gq.tatsu-column > .tatsu-column-inner{border-width: 0 0 0 0;}.tatsu-ici66784ttdyv3gq.tatsu-column > .tatsu-column-inner > .tatsu-column-overlay{mix-blend-mode: none;}.tatsu-ici66784ttdyv3gq > .tatsu-column-inner > .tatsu-top-divider{z-index: 9999;}.tatsu-ici66784ttdyv3gq > .tatsu-column-inner > .tatsu-bottom-divider{z-index: 9999;}.tatsu-ici66784ttdyv3gq > .tatsu-column-inner > .tatsu-left-divider{z-index: 9999;}.tatsu-ici66784ttdyv3gq > .tatsu-column-inner > .tatsu-right-divider{z-index: 9999;}.tatsu-ici66784ttdyv3gq.tatsu-column{transform: translate3d(0px,0px, 0);}<\/style><\/div><\/div><\/div><div class=\"tatsu-row-wrap  tatsu-row-full-width tatsu-row-has-one-half tatsu-row-has-two-cols tatsu-zero-margin tatsu-no-gutter tatsu-eq-cols  tatsu-clearfix tatsu-ici66785bx7sdxzy\" ><div  class=\"tatsu-row \" ><div  class=\"tatsu-column  tatsu-column-no-bg tatsu-one-half tatsu-column-align-middle tatsu-column-image- tatsu-column-effect-  tatsu-ici66785er1ogt0x\" data-animation=\"flipInX\"   data-parallax-speed=\"0\" style=\"\"><div class=\"tatsu-column-inner \" ><div class=\"tatsu-column-pad-wrap\"><div class=\"tatsu-column-pad\" ><div  class=\"tatsu-module tatsu-text-block-wrap tatsu-ici66785jkcpjb1d  \"><div class=\"tatsu-text-inner tatsu-align-center  clearfix\" data-animation=\"fadeIn\"  ><\/div><\/div><div  class=\"tatsu-module tatsu-divider-wrap tatsu-animate tatsu-ici66785kj5duzda   \"  ><style>.tatsu-ici66785kj5duzda .tatsu-divider{height: 1px;width: 100%;background: rgba(239,239,239,0);}<\/style><hr class=\"tatsu-divider\"\/><\/div><div  class=\"special-subtitle-wrap  tatsu-ici66785lregmj8   tatsu-animate \" data-animation=\"fadeIn\"   ><div class=\"align-left\"><span class=\"special-subtitle\" >Qu'est ce qu'un(e)\u2026 :<\/span><\/div><style>.tatsu-ici66785lregmj8 .special-subtitle{font-size: 27px;color: rgba(52,88,132,1) ;width: 100%;}.tatsu-ici66785lregmj8.special-subtitle-wrap{margin-bottom: 30px;}<\/style><\/div><div  class=\"tatsu-module tatsu-text-block-wrap tatsu-ici66785n0dov212  \"><div class=\"tatsu-text-inner tatsu-align-center  clearfix\" data-animation=\"fadeIn\"  >\n<p><strong>\u00a0\u27a2 Migrant(e) :<\/strong> personne qui quitte son pays pour s\u2019\u00e9tablir durablement dans un autre pays, pas toujours de mani\u00e8re d\u00e9finitive mais pour un s\u00e9jour plus long que touristique, d\u2019\u00e9tude ou de travail temporaire.<\/p>\n<p><strong>\u00a0\u27a2 Demandeur(se) d\u2019asile \/ r\u00e9fugi\u00e9(e) :<\/strong> personne qui fuit son pays parce qu\u2019elle craint avec raison d\u2019\u00eatre pers\u00e9cut\u00e9e pour sa race, sa religion, sa nationalit\u00e9, son groupe social ou ses opinions et\/ou parce que son pays est en guerre. La France reconnait officiellement 4 pays en guerre : Syrie, Irak, Afghanistan et Erythr\u00e9e. Rappelons que la Palestine, la Libye, le Pakistan et tant d\u2019autres sont aussi en guerre\u2026<\/p>\n<p><strong>\u00a0\u27a2 D\u00e9bout\u00e9(e) :<\/strong> Si l\u2019OFPRA (Office Fran\u00e7ais de Protection des R\u00e9fugi\u00e9s et des Apatrides) refuse le droit d\u2019asile, la personne est d\u00e9bout\u00e9e. Elle peut alors faire appel \u00e0 la Cour Nationale de Droit d\u2019Asile (CNDA).<\/p>\n<p><strong>\u00a0\u27a2 Dublin\u00e9(e) :<\/strong> En Europe, un(e) migrant(e) doit d\u00e9poser sa demande d\u2019asile dans le premier pays o\u00f9 il\/elle a donn\u00e9 ses empreintes digitales. Ainsi, si une personne d\u00e9pose une demande d\u2019asile en France alors qu\u2019elle est d\u00e9j\u00e0 pass\u00e9e par l\u2019Italie, la France peut la renvoyer vers l\u2019Italie. C\u2019est ainsi que la majorit\u00e9 des demandes se retrouvent en Italie, en Hongrie ou en Gr\u00e8ce : ce sont les pays limitrophes europ\u00e9ens qui g\u00e8rent alors le probl\u00e8me migratoire pour l\u2019ensemble des pays.<\/p>\n<p><strong>\u00a0\u27a2 Clandestin(e) :<\/strong> Un demandeur (se) d\u2019asile \u00ab d\u00e9bout\u00e9(e) \u00bb souhaitant \u00e0 tout prix rester perd ses droits vis-\u00e0-vis de l\u2019\u00e9tat fran\u00e7ais et entre dans la clandestinit\u00e9. De m\u00eame, un(e) immigr\u00e9(e) arrivant sur le territoire, a 15 jours pour faire sa demande d\u2019asile, si il\/elle ne le fait pas, il\/elle est clandestin(e) donc sans papiers. Ces personnes n\u2019ont aucun droit social sauf celui d\u2019\u00eatre soign\u00e9 \u00e0 l\u2019Aide M\u00e9dicale d\u2019Etat.<\/p>\n<p><strong>\u00a0\u27a2 OQTF :<\/strong> Obligation de Quitter le Territoire Fran\u00e7ais : injonction prise par le pr\u00e9fet apr\u00e8s rejet de toutes les d\u00e9marches aupr\u00e8s de l\u2019OFPRA ou de la CNDA. La personne doit quitter le territoire dans un d\u00e9lai tr\u00e8s court. En attendant l\u2019expulsion, elle est g\u00e9n\u00e9ralement assign\u00e9e \u00e0 r\u00e9sidence ou plac\u00e9e en Centre de R\u00e9tention Administrative. Apr\u00e8s 3 mois pass\u00e9s hors de l\u2019espace Schengen, preuves \u00e0 l\u2019appui, la personne peut tenter de recommencer les d\u00e9marches de demande d\u2019asile.<\/p>\n<\/div><\/div><div  class=\"tatsu-module tatsu-divider-wrap tatsu-animate tatsu-ici66785nvclywgh   \"  ><style>.tatsu-ici66785nvclywgh .tatsu-divider{height: 50px;width: 100%;background: rgba(239,239,239,0);}<\/style><hr class=\"tatsu-divider\"\/><\/div><\/div><\/div><div class = \"tatsu-column-bg-image-wrap\"><div class = \"tatsu-column-bg-image\" ><\/div><\/div><\/div><style>.tatsu-ici66785er1ogt0x.tatsu-column > .tatsu-column-inner > .tatsu-column-pad-wrap > .tatsu-column-pad{padding: 0% 15% 0% 15% ;}.tatsu-ici66785er1ogt0x.tatsu-column > .tatsu-column-inner{border-width: 0 0 0 0;}.tatsu-ici66785er1ogt0x.tatsu-column > .tatsu-column-inner > .tatsu-column-overlay{mix-blend-mode: none;}.tatsu-ici66785er1ogt0x > .tatsu-column-inner > .tatsu-top-divider{z-index: 9999;}.tatsu-ici66785er1ogt0x > .tatsu-column-inner > .tatsu-bottom-divider{z-index: 9999;}.tatsu-ici66785er1ogt0x > .tatsu-column-inner > .tatsu-left-divider{z-index: 9999;}.tatsu-ici66785er1ogt0x > .tatsu-column-inner > .tatsu-right-divider{z-index: 9999;}.tatsu-ici66785er1ogt0x.tatsu-column{transform: translate3d(0px,0px, 0);}<\/style><\/div><div  class=\"tatsu-column  tatsu-column-empty tatsu-one-half tatsu-column-align-middle tatsu-column-image- tatsu-column-effect-  tatsu-ici66785pgaxj6js\" data-animation=\"flipInX\"   data-parallax-speed=\"0\" style=\"\"><div class=\"tatsu-column-inner \" ><div class=\"tatsu-column-pad-wrap\"><div class=\"tatsu-column-pad\" ><\/div><\/div><div class = \"tatsu-column-bg-image-wrap\"><div class = \"tatsu-column-bg-image\" ><\/div><\/div><\/div><style>.tatsu-ici66785pgaxj6js.tatsu-column > .tatsu-column-inner > .tatsu-column-bg-image-wrap > .tatsu-column-bg-image{background-image: url(http:\/\/solidaritatubaye.fr\/wp-content\/uploads\/2017\/04\/barcelonnette_02.jpg);background-repeat: no-repeat;background-attachment: scroll;background-position: center center;background-size: cover;}.tatsu-ici66785pgaxj6js.tatsu-column > .tatsu-column-inner > .tatsu-bg-blur{background-repeat: no-repeat;background-attachment: scroll;background-position: center center;background-size: cover;}.tatsu-ici66785pgaxj6js.tatsu-column > .tatsu-column-inner > .tatsu-column-pad-wrap > .tatsu-column-pad{padding: 83% 83% 83% 83% ;}.tatsu-ici66785pgaxj6js.tatsu-column > .tatsu-column-inner{border-width: 0 0 0 0;}.tatsu-ici66785pgaxj6js.tatsu-column > .tatsu-column-inner > .tatsu-column-overlay{mix-blend-mode: none;}.tatsu-ici66785pgaxj6js > .tatsu-column-inner > .tatsu-top-divider{z-index: 9999;}.tatsu-ici66785pgaxj6js > .tatsu-column-inner > .tatsu-bottom-divider{z-index: 9999;}.tatsu-ici66785pgaxj6js > .tatsu-column-inner > .tatsu-left-divider{z-index: 9999;}.tatsu-ici66785pgaxj6js > .tatsu-column-inner > .tatsu-right-divider{z-index: 9999;}.tatsu-ici66785pgaxj6js.tatsu-column{transform: translate3d(0px,0px, 0);}<\/style><\/div><\/div><\/div><div class=\"tatsu-row-wrap  tatsu-row-full-width tatsu-row-has-one-half tatsu-row-has-two-cols tatsu-zero-margin tatsu-no-gutter tatsu-eq-cols  tatsu-clearfix tatsu-ici66785t9c4by1e\" ><div  class=\"tatsu-row \" ><div  class=\"tatsu-column  tatsu-column-empty tatsu-one-half tatsu-column-align-middle tatsu-column-image- tatsu-column-effect-  tatsu-ici66785vr5uiceb\" data-animation=\"flipInX\"   data-parallax-speed=\"0\" style=\"\"><div class=\"tatsu-column-inner \" ><div class=\"tatsu-column-pad-wrap\"><div class=\"tatsu-column-pad\" ><\/div><\/div><div class = \"tatsu-column-bg-image-wrap\"><div class = \"tatsu-column-bg-image\" ><\/div><\/div><\/div><style>.tatsu-ici66785vr5uiceb.tatsu-column > .tatsu-column-inner > .tatsu-column-bg-image-wrap > .tatsu-column-bg-image{background-image: url(http:\/\/solidaritatubaye.fr\/wp-content\/uploads\/2017\/04\/barcelo_04.jpg);background-repeat: no-repeat;background-attachment: scroll;background-position: center center;background-size: cover;}.tatsu-ici66785vr5uiceb.tatsu-column > .tatsu-column-inner > .tatsu-bg-blur{background-repeat: no-repeat;background-attachment: scroll;background-position: center center;background-size: cover;}.tatsu-ici66785vr5uiceb.tatsu-column > .tatsu-column-inner > .tatsu-column-pad-wrap > .tatsu-column-pad{padding: 55% 55% 55% 55% ;}.tatsu-ici66785vr5uiceb.tatsu-column > .tatsu-column-inner{border-width: 0 0 0 0;}.tatsu-ici66785vr5uiceb.tatsu-column > .tatsu-column-inner > .tatsu-column-overlay{mix-blend-mode: none;}.tatsu-ici66785vr5uiceb > .tatsu-column-inner > .tatsu-top-divider{z-index: 9999;}.tatsu-ici66785vr5uiceb > .tatsu-column-inner > .tatsu-bottom-divider{z-index: 9999;}.tatsu-ici66785vr5uiceb > .tatsu-column-inner > .tatsu-left-divider{z-index: 9999;}.tatsu-ici66785vr5uiceb > .tatsu-column-inner > .tatsu-right-divider{z-index: 9999;}.tatsu-ici66785vr5uiceb.tatsu-column{transform: translate3d(0px,0px, 0);}<\/style><\/div><div  class=\"tatsu-column  tatsu-column-no-bg tatsu-one-half tatsu-column-align-middle tatsu-column-image- tatsu-column-effect-  tatsu-ici66785z92hr7xb\" data-animation=\"flipInX\"   data-parallax-speed=\"0\" style=\"\"><div class=\"tatsu-column-inner \" ><div class=\"tatsu-column-pad-wrap\"><div class=\"tatsu-column-pad\" ><div  class=\"tatsu-module tatsu-text-block-wrap tatsu-ici66786342cl0vo  \"><div class=\"tatsu-text-inner tatsu-align-center  clearfix\" data-animation=\"fadeIn\"  ><\/div><\/div><div  class=\"tatsu-module tatsu-divider-wrap tatsu-animate tatsu-ici667864051f7o4   \"  ><style>.tatsu-ici667864051f7o4 .tatsu-divider{height: 1px;width: 100%;background: rgba(239,239,239,0);}<\/style><hr class=\"tatsu-divider\"\/><\/div><div  class=\"special-subtitle-wrap  tatsu-ici6678656f7obzy   tatsu-animate \" data-animation=\"fadeIn\"   ><div class=\"align-left\"><span class=\"special-subtitle\" >Et si c'\u00e9tait\u2026 faux ?<\/span><\/div><style>.tatsu-ici6678656f7obzy .special-subtitle{font-size: 27px;color: rgba(52,88,132,1) ;width: 100%;}.tatsu-ici6678656f7obzy.special-subtitle-wrap{margin-bottom: 30px;}<\/style><\/div><div  class=\"tatsu-module tatsu-text-block-wrap tatsu-ici667866c7cua8w  \"><div class=\"tatsu-text-inner tatsu-align-center  clearfix\" data-animation=\"fadeIn\"  >\n<p><strong>\u00a0\u27a2 Les migrant(e)s vont faire exploser les prestations sociales !<\/strong> Les demandeurs d\u2019asiles n\u2019ont le droit qu\u2019\u00e0 l\u2019Aide M\u00e9dicale d\u2019Etat, \u00e0 l\u2019ADA : Aide aux Demandeurs d\u2019Asile de 6,80\u20ac par jour et \u00e0 un logement en CAO ou en CADA. Pas d\u2019APL, de RSA ou autres prestations familiales. (Est-ce le moment de se questionner sur notre vision de l\u2019assistanat gr\u00e2ce \u00e0 cette vid\u00e9o https:\/\/www.youtube.com\/watch?v=rnu9e1ft5qw ?)<\/p>\n<p><strong>\u27a2 Ils\/elles vont piquer notre travail !<\/strong> Les demandeur(se)s d\u2019asile ne peuvent pas travailler pendant que leur demande est examin\u00e9e, c\u2019est-\u00e0-dire pendant environ 1an. Rappelons que 70% des demandes d\u2019asile sont refus\u00e9es. 19 000 personnes ont b\u00e9n\u00e9fici\u00e9 du droit d\u2019asile en 2015. Ils repr\u00e9sentent 0.03% de la population fran\u00e7aise, bien faible par rapport au nombre de ch\u00f4meurs.<\/p>\n<p><strong>\u00a0\u27a2 Il y a une majorit\u00e9 d\u2019hommes, ils abandonnent leur famille !<\/strong> 52% des migrant(e)s sont des femmes et la proportion de mineur(e)s isol\u00e9(e)s ne cesse d\u2019augmenter. Ces enfants, ces jeunes grandissent \u00e0 la rue, sans famille et sans amour, que deviendront-ils ? (\u00e0 voir : http:\/\/www.lcp.fr\/emissions\/275151-recit-dune-jeunesse-exileejai-marche-jusqua-vous)<\/p>\n<p><strong>\u00a0\u27a2 Les djihadistes se m\u00ealent aux migrant(e)s<\/strong>. Et bien non, les d\u00e9clencheurs d\u2019attentats vivent dans les pays concern\u00e9s depuis bien longtemps, utilisent des t\u00e9l\u00e9phones portables et voyagent dans des avions plut\u00f4t que dans des canots gonflables. Les migrant(e)s viennent pour trouver la s\u00e9curit\u00e9 et pouvoir prendre soin de leur proche, chose \u00e0 laquelle nous aspirons tous.<\/p>\n<\/div><\/div><div  class=\"tatsu-module tatsu-divider-wrap tatsu-animate tatsu-ici6678676bpa3dg   \"  ><style>.tatsu-ici6678676bpa3dg .tatsu-divider{height: 50px;width: 100%;background: rgba(239,239,239,0);}<\/style><hr class=\"tatsu-divider\"\/><\/div><\/div><\/div><div class = \"tatsu-column-bg-image-wrap\"><div class = \"tatsu-column-bg-image\" ><\/div><\/div><\/div><style>.tatsu-ici66785z92hr7xb.tatsu-column > .tatsu-column-inner > .tatsu-column-pad-wrap > .tatsu-column-pad{padding: 0% 10% 0% 10% ;}.tatsu-ici66785z92hr7xb.tatsu-column > .tatsu-column-inner{border-width: 0 0 0 0;}.tatsu-ici66785z92hr7xb.tatsu-column > .tatsu-column-inner > .tatsu-column-overlay{mix-blend-mode: none;}.tatsu-ici66785z92hr7xb > .tatsu-column-inner > .tatsu-top-divider{z-index: 9999;}.tatsu-ici66785z92hr7xb > .tatsu-column-inner > .tatsu-bottom-divider{z-index: 9999;}.tatsu-ici66785z92hr7xb > .tatsu-column-inner > .tatsu-left-divider{z-index: 9999;}.tatsu-ici66785z92hr7xb > .tatsu-column-inner > .tatsu-right-divider{z-index: 9999;}.tatsu-ici66785z92hr7xb.tatsu-column{transform: translate3d(0px,0px, 0);}<\/style><\/div><\/div><\/div><\/div><div class=\"tatsu-section-background-wrap\"><div class = \"tatsu-section-background\" ><\/div><\/div><style>.tatsu-ici66783hc2hfn5{border-width: 0px 0px px 0px;border-style: solid;}.tatsu-ici66783hc2hfn5 .tatsu-section-pad{padding: 0px 0% 0px 0%;}.tatsu-ici66783hc2hfn5.tatsu-section{margin: 0px 0px 0px 0px;}.tatsu-ici66783hc2hfn5 > .tatsu-bottom-divider{z-index: 9999;}.tatsu-ici66783hc2hfn5 > .tatsu-top-divider{z-index: 9999;}@media only screen and (max-width:1377px) {.tatsu-ici66783hc2hfn5{border-style: solid;}}@media only screen and (min-width:768px) and (max-width: 1024px) {.tatsu-ici66783hc2hfn5{border-style: solid;}}@media only screen and (max-width: 767px) {.tatsu-ici66783hc2hfn5{border-style: solid;}}<\/style><\/div>\n","protected":false},"excerpt":{"rendered":"<p><a href=\"https:\/\/solidaritatubaye.fr\/?page_id=3691\" class=\"more-link style3-button\">Read More<\/a><\/p>","protected":false},"author":1,"featured_media":0,"parent":0,"menu_order":0,"comment_status":"open","ping_status":"closed","template":"","meta":[],"_links":{"self":[{"href":"https:\/\/solidaritatubaye.fr\/index.php?rest_route=\/wp\/v2\/pages\/3691"}],"collection":[{"href":"https:\/\/solidaritatubaye.fr\/index.php?rest_route=\/wp\/v2\/pages"}],"about":[{"href":"https:\/\/solidaritatubaye.fr\/index.php?rest_route=\/wp\/v2\/types\/page"}],"author":[{"embeddable":true,"href":"https:\/\/solidaritatubaye.fr\/index.php?rest_route=\/wp\/v2\/users\/1"}],"replies":[{"embeddable":true,"href":"https:\/\/solidaritatubaye.fr\/index.php?rest_route=%2Fwp%2Fv2%2Fcomments&post=3691"}],"version-history":[{"count":3,"href":"https:\/\/solidaritatubaye.fr\/index.php?rest_route=\/wp\/v2\/pages\/3691\/revisions"}],"predecessor-version":[{"id":3704,"href":"https:\/\/solidaritatubaye.fr\/index.php?rest_route=\/wp\/v2\/pages\/3691\/revisions\/3704"}],"wp:attachment":[{"href":"https:\/\/solidaritatubaye.fr\/index.php?rest_route=%2Fwp%2Fv2%2Fmedia&parent=3691"}],"curies":[{"name":"wp","href":"https:\/\/api.w.org\/{rel}","templated":true}]}}