{"id":3534,"date":"2017-02-07T15:01:38","date_gmt":"2017-02-07T14:01:38","guid":{"rendered":"http:\/\/solidaritatubaye.fr\/?page_id=3534"},"modified":"2017-04-03T14:07:11","modified_gmt":"2017-04-03T12:07:11","slug":"les-migrants","status":"publish","type":"page","link":"https:\/\/solidaritatubaye.fr\/?page_id=3534","title":{"rendered":"Les Migrants"},"content":{"rendered":"<div  class=\"tatsu-icb069dp63bqz3zn tatsu-section    tatsu-clearfix\" data-title=\"\"  data-headerscheme=\"background--light\"><div class='tatsu-section-pad clearfix' data-padding='0px 0% 0px 0%' data-padding-top='0px'><div class=\"tatsu-row-wrap  tatsu-row-full-width tatsu-row-has-one-half tatsu-row-has-two-cols tatsu-zero-margin tatsu-no-gutter tatsu-eq-cols  tatsu-clearfix tatsu-icb069dq5l3apig0\" ><div  class=\"tatsu-row \" ><div  class=\"tatsu-column  tatsu-column-empty tatsu-one-half tatsu-column-align-middle tatsu-column-image- tatsu-column-effect-  tatsu-icb069dq9qdjb7xb\" data-animation=\"flipInX\"   data-parallax-speed=\"0\" style=\"\"><div class=\"tatsu-column-inner \" ><div class=\"tatsu-column-pad-wrap\"><div class=\"tatsu-column-pad\" ><\/div><\/div><div class = \"tatsu-column-bg-image-wrap\"><div class = \"tatsu-column-bg-image\" ><\/div><\/div><\/div><style>.tatsu-icb069dq9qdjb7xb.tatsu-column > .tatsu-column-inner > .tatsu-column-bg-image-wrap > .tatsu-column-bg-image{background-image: url(http:\/\/solidaritatubaye.fr\/wp-content\/uploads\/2017\/02\/contexte_00.jpg);background-repeat: no-repeat;background-attachment: scroll;background-position: bottom right;background-size: cover;}.tatsu-icb069dq9qdjb7xb.tatsu-column > .tatsu-column-inner > .tatsu-bg-blur{background-repeat: no-repeat;background-attachment: scroll;background-position: bottom right;background-size: cover;}.tatsu-icb069dq9qdjb7xb.tatsu-column > .tatsu-column-inner > .tatsu-column-pad-wrap > .tatsu-column-pad{padding: 64% 64% 64% 64% ;}.tatsu-icb069dq9qdjb7xb.tatsu-column > .tatsu-column-inner{border-width: 0 0 0 0;}.tatsu-icb069dq9qdjb7xb.tatsu-column > .tatsu-column-inner > .tatsu-column-overlay{mix-blend-mode: none;}.tatsu-icb069dq9qdjb7xb > .tatsu-column-inner > .tatsu-top-divider{z-index: 9999;}.tatsu-icb069dq9qdjb7xb > .tatsu-column-inner > .tatsu-bottom-divider{z-index: 9999;}.tatsu-icb069dq9qdjb7xb > .tatsu-column-inner > .tatsu-left-divider{z-index: 9999;}.tatsu-icb069dq9qdjb7xb > .tatsu-column-inner > .tatsu-right-divider{z-index: 9999;}.tatsu-icb069dq9qdjb7xb.tatsu-column{transform: translate3d(0px,0px, 0);}<\/style><\/div><div  class=\"tatsu-column  tatsu-column-no-bg tatsu-one-half tatsu-column-align-middle tatsu-column-image- tatsu-column-effect-  tatsu-icb069dqecxj6jo\" data-animation=\"flipInX\"   data-parallax-speed=\"0\" style=\"\"><div class=\"tatsu-column-inner \" ><div class=\"tatsu-column-pad-wrap\"><div class=\"tatsu-column-pad\" ><div  class=\"tatsu-module tatsu-text-block-wrap tatsu-icb069dqjobi6h0b  \"><div class=\"tatsu-text-inner tatsu-align-center  clearfix\" data-animation=\"fadeIn\"  ><\/div><\/div><div  class=\"tatsu-module tatsu-divider-wrap tatsu-animate tatsu-icb069dql06h3a72   \"  ><style>.tatsu-icb069dql06h3a72 .tatsu-divider{height: 1px;width: 100%;background: rgba(239,239,239,0);}<\/style><hr class=\"tatsu-divider\"\/><\/div><div  class=\"special-subtitle-wrap  tatsu-icb069dqmifqv8fk   tatsu-animate \" data-animation=\"fadeIn\"   ><div class=\"align-left\"><span class=\"special-subtitle\" >Le contexte g\u00e9n\u00e9ral<\/span><\/div><style>.tatsu-icb069dqmifqv8fk .special-subtitle{font-size: 27px;color: rgba(52,88,132,1) ;width: 100%;}.tatsu-icb069dqmifqv8fk.special-subtitle-wrap{margin-bottom: 30px;}<\/style><\/div><div  class=\"tatsu-module tatsu-text-block-wrap tatsu-icb069dqnx5uu1d5  \"><div class=\"tatsu-text-inner tatsu-align-center  clearfix\" data-animation=\"fadeIn\"  >\n<p>D\u00e9clench\u00e9 le 15 mars 2011, le conflit en\u00a0Syrie\u00a0n&rsquo;a cess\u00e9 de se complexifier et de s&rsquo;internationaliser avec l&rsquo;entr\u00e9e en jeu de groupes djihadistes et de pays \u00e9trangers.<br \/> La derni\u00e8re puissance \u00e0 s&rsquo;y impliquer militairement est la Turquie qui a envoy\u00e9 ses troupes pour d\u00e9loger le groupe djihadiste Etat islamique d&rsquo;une localit\u00e9 \u00e0 sa fronti\u00e8re et stopper la progression des forces autonomistes kurdes. Depuis le d\u00e9but de la guerre, en mars\u00a02011, 300\u00a0000\u00a0personnes ont trouv\u00e9es la mort.<\/p>\n<p>Cons\u00e9quences souvent des forts d\u00e9s\u00e9quilibres du fonctionnement \u00e9conomique mondial, les migrations s\u2019en trouvent ainsi acc\u00e9l\u00e9r\u00e9es.<\/p>\n<p>Le monde est devenu en peu de temps un espace interd\u00e9pendant de mobilit\u00e9 mondiale et aucun pays n\u2019\u00e9chappe au ph\u00e9nom\u00e8ne. Les Nations Unies ont recens\u00e9 officiellement 214 millions de migrants, dont une bonne part en situation r\u00e9guli\u00e8re. Cela repr\u00e9sente un doublement du nombre de migrants internationaux en 40 ans, mais, la population mondiale ayant \u00e9galement doubl\u00e9 dans le m\u00eame temps, le taux reste stable\u00a0: 3,1% des habitants de la plan\u00e8te ne r\u00e9sident pas dans leur pays de naissance.\u00a0Les expatri\u00e9s issus des pays du Sud et install\u00e9s dans les pays du Nord ne repr\u00e9sentent que 37\u00a0% de ces 214 millions d\u2019individus.<\/p>\n<p>Le nombre d\u2019immigr\u00e9s pr\u00e9sents en France \u00e9tait de 5,7 millions en 1988, de 6,3 millions en 2000 et 6,7 millions en 2010. Sur ces 6,7 millions, on estime entre 200 et 400.000 le nombre d\u2019\u00e9trangers en situation irr\u00e9guli\u00e8re en France. 400.000 personnes, cela repr\u00e9sente 0,6\u00a0% de la population fran\u00e7aise [source : CCFD Terre Solidaire].<\/p>\n<p>Avec plus de douze millions de personnes fuyant leur pays d\u00e9vast\u00e9 par la guerre, les Syriens sont d\u00e9sormais la premi\u00e8re population concern\u00e9e, devan\u00e7ant d&rsquo;autres pays subissant des conflits : Irak, Afghanistan, Erythr\u00e9e ou le Soudan du Sud.<br \/> Avec plus de 850 000 arriv\u00e9es par la mer en 2015, la Gr\u00e8ce et l&rsquo;Europe ont \u00e9t\u00e9 face \u00e0 une crise migratoire sans pr\u00e9c\u00e9dent \u00e0 quelques encablures de la Turquie. Des dizaines de milliers de personnes fuyant les conflits et la mis\u00e8re au Moyen-Orient d\u00e9barquaient chaque jour pour emprunter la route migratoire des Balkans. L&rsquo;Union europ\u00e9enne a sign\u00e9 un accord avec Ankara en mars 2016 et la fermeture des fronti\u00e8res sur cet axe a fait chuter les arriv\u00e9es. Depuis, 140 000 candidats \u00e0 l&rsquo;asile ont travers\u00e9 la M\u00e9diterran\u00e9e au p\u00e9ril de leur vie vers l&rsquo;Italie.<\/p>\n<\/div><\/div><div  class=\"tatsu-module tatsu-divider-wrap tatsu-animate tatsu-icb069dqpn12wo7p   \"  ><style>.tatsu-icb069dqpn12wo7p .tatsu-divider{height: 50px;width: 100%;background: rgba(239,239,239,0);}<\/style><hr class=\"tatsu-divider\"\/><\/div><\/div><\/div><div class = \"tatsu-column-bg-image-wrap\"><div class = \"tatsu-column-bg-image\" ><\/div><\/div><\/div><style>.tatsu-icb069dqecxj6jo.tatsu-column > .tatsu-column-inner > .tatsu-column-pad-wrap > .tatsu-column-pad{padding: 0% 10% 0% 10% ;}.tatsu-icb069dqecxj6jo.tatsu-column > .tatsu-column-inner{border-width: 0 0 0 0;}.tatsu-icb069dqecxj6jo.tatsu-column > .tatsu-column-inner > .tatsu-column-overlay{mix-blend-mode: none;}.tatsu-icb069dqecxj6jo > .tatsu-column-inner > .tatsu-top-divider{z-index: 9999;}.tatsu-icb069dqecxj6jo > .tatsu-column-inner > .tatsu-bottom-divider{z-index: 9999;}.tatsu-icb069dqecxj6jo > .tatsu-column-inner > .tatsu-left-divider{z-index: 9999;}.tatsu-icb069dqecxj6jo > .tatsu-column-inner > .tatsu-right-divider{z-index: 9999;}.tatsu-icb069dqecxj6jo.tatsu-column{transform: translate3d(0px,0px, 0);}<\/style><\/div><\/div><\/div><div class=\"tatsu-row-wrap  tatsu-row-full-width tatsu-row-has-one-half tatsu-row-has-two-cols tatsu-zero-margin tatsu-no-gutter tatsu-eq-cols  tatsu-clearfix tatsu-icb069dqrjdb8xj7\" ><div  class=\"tatsu-row \" ><div  class=\"tatsu-column  tatsu-column-no-bg tatsu-one-half tatsu-column-align-middle tatsu-column-image- tatsu-column-effect-  tatsu-icb069dqtt6csnzu\" data-animation=\"flipInX\"   data-parallax-speed=\"0\" style=\"\"><div class=\"tatsu-column-inner \" ><div class=\"tatsu-column-pad-wrap\"><div class=\"tatsu-column-pad\" ><div  class=\"tatsu-module tatsu-text-block-wrap tatsu-icb069dqxv2wl01p  \"><div class=\"tatsu-text-inner tatsu-align-center  clearfix\" data-animation=\"fadeIn\"  ><\/div><\/div><div  class=\"tatsu-module tatsu-divider-wrap tatsu-animate tatsu-icb069dqysf3d270   \"  ><style>.tatsu-icb069dqysf3d270 .tatsu-divider{height: 1px;width: 100%;background: rgba(239,239,239,0);}<\/style><hr class=\"tatsu-divider\"\/><\/div><div  class=\"special-subtitle-wrap  tatsu-icb069dqzz8ya2mv   tatsu-animate \" data-animation=\"fadeIn\"   ><div class=\"align-left\"><span class=\"special-subtitle\" >L'accueil de r\u00e9fugi\u00e9 en quelques chiffres :<\/span><\/div><style>.tatsu-icb069dqzz8ya2mv .special-subtitle{font-size: 27px;color: rgba(52,88,132,1) ;width: 100%;}.tatsu-icb069dqzz8ya2mv.special-subtitle-wrap{margin-bottom: 30px;}<\/style><\/div><div  class=\"tatsu-module tatsu-text-block-wrap tatsu-icb069dr157zxlbd  \"><div class=\"tatsu-text-inner tatsu-align-center  clearfix\" data-animation=\"fadeIn\"  >\n<p>Liban : 1 million <br \/>Allemagne : 566 000<br \/>France : 14 000 <br \/>4,282 millions de Syriens ont fuit leur pays. <br \/>Pour ceux dont l&rsquo;arriv\u00e9e a \u00e9t\u00e9 enregistr\u00e9e en Gr\u00e8ce ou en Italie, le taux d&rsquo;acceptation des demandes d&rsquo;asile est pass\u00e9 de 33,5% en 2011 \u00e0 75,7% en 2015. Ceci confirme que le r\u00e9cent flux de migrants est majoritairement compos\u00e9 de r\u00e9fugi\u00e9s<\/p>\n<\/div><\/div><div  class=\"tatsu-module tatsu-divider-wrap tatsu-animate tatsu-icb069dr1y5hu1n4   \"  ><style>.tatsu-icb069dr1y5hu1n4 .tatsu-divider{height: 50px;width: 100%;background: rgba(239,239,239,0);}<\/style><hr class=\"tatsu-divider\"\/><\/div><\/div><\/div><div class = \"tatsu-column-bg-image-wrap\"><div class = \"tatsu-column-bg-image\" ><\/div><\/div><\/div><style>.tatsu-icb069dqtt6csnzu.tatsu-column > .tatsu-column-inner > .tatsu-column-pad-wrap > .tatsu-column-pad{padding: 0% 15% 0% 15% ;}.tatsu-icb069dqtt6csnzu.tatsu-column > .tatsu-column-inner{border-width: 0 0 0 0;}.tatsu-icb069dqtt6csnzu.tatsu-column > .tatsu-column-inner > .tatsu-column-overlay{mix-blend-mode: none;}.tatsu-icb069dqtt6csnzu > .tatsu-column-inner > .tatsu-top-divider{z-index: 9999;}.tatsu-icb069dqtt6csnzu > .tatsu-column-inner > .tatsu-bottom-divider{z-index: 9999;}.tatsu-icb069dqtt6csnzu > .tatsu-column-inner > .tatsu-left-divider{z-index: 9999;}.tatsu-icb069dqtt6csnzu > .tatsu-column-inner > .tatsu-right-divider{z-index: 9999;}.tatsu-icb069dqtt6csnzu.tatsu-column{transform: translate3d(0px,0px, 0);}<\/style><\/div><div  class=\"tatsu-column  tatsu-column-empty tatsu-one-half tatsu-column-align-middle tatsu-column-image- tatsu-column-effect-  tatsu-icb069dr3fq0prb\" data-animation=\"flipInX\"   data-parallax-speed=\"0\" style=\"\"><div class=\"tatsu-column-inner \" ><div class=\"tatsu-column-pad-wrap\"><div class=\"tatsu-column-pad\" ><\/div><\/div><div class = \"tatsu-column-bg-image-wrap\"><div class = \"tatsu-column-bg-image\" ><\/div><\/div><\/div><style>.tatsu-icb069dr3fq0prb.tatsu-column > .tatsu-column-inner > .tatsu-column-bg-image-wrap > .tatsu-column-bg-image{background-image: url(http:\/\/solidaritatubaye.fr\/wp-content\/uploads\/2017\/02\/contexte_02.jpg);background-repeat: no-repeat;background-attachment: scroll;background-position: center center;background-size: cover;}.tatsu-icb069dr3fq0prb.tatsu-column > .tatsu-column-inner > .tatsu-bg-blur{background-repeat: no-repeat;background-attachment: scroll;background-position: center center;background-size: cover;}.tatsu-icb069dr3fq0prb.tatsu-column > .tatsu-column-inner > .tatsu-column-pad-wrap > .tatsu-column-pad{padding: 35% 35% 35% 35% ;}.tatsu-icb069dr3fq0prb.tatsu-column > .tatsu-column-inner{border-width: 0 0 0 0;}.tatsu-icb069dr3fq0prb.tatsu-column > .tatsu-column-inner > .tatsu-column-overlay{mix-blend-mode: none;}.tatsu-icb069dr3fq0prb > .tatsu-column-inner > .tatsu-top-divider{z-index: 9999;}.tatsu-icb069dr3fq0prb > .tatsu-column-inner > .tatsu-bottom-divider{z-index: 9999;}.tatsu-icb069dr3fq0prb > .tatsu-column-inner > .tatsu-left-divider{z-index: 9999;}.tatsu-icb069dr3fq0prb > .tatsu-column-inner > .tatsu-right-divider{z-index: 9999;}.tatsu-icb069dr3fq0prb.tatsu-column{transform: translate3d(0px,0px, 0);}<\/style><\/div><\/div><\/div><div class=\"tatsu-row-wrap  tatsu-row-full-width tatsu-row-has-one-half tatsu-row-has-two-cols tatsu-zero-margin tatsu-no-gutter tatsu-eq-cols  tatsu-clearfix tatsu-icb069dr76af3wht\" ><div  class=\"tatsu-row \" ><div  class=\"tatsu-column  tatsu-column-empty tatsu-one-half tatsu-column-align-middle tatsu-column-image- tatsu-column-effect-  tatsu-icb069dr9g2k5hfc\" data-animation=\"flipInX\"   data-parallax-speed=\"0\" style=\"\"><div class=\"tatsu-column-inner \" ><div class=\"tatsu-column-pad-wrap\"><div class=\"tatsu-column-pad\" ><\/div><\/div><div class = \"tatsu-column-bg-image-wrap\"><div class = \"tatsu-column-bg-image\" ><\/div><\/div><\/div><style>.tatsu-icb069dr9g2k5hfc.tatsu-column > .tatsu-column-inner > .tatsu-column-bg-image-wrap > .tatsu-column-bg-image{background-image: url(http:\/\/solidaritatubaye.fr\/wp-content\/uploads\/2017\/02\/contexte_06.jpg);background-repeat: no-repeat;background-attachment: scroll;background-position: center center;background-size: cover;}.tatsu-icb069dr9g2k5hfc.tatsu-column > .tatsu-column-inner > .tatsu-bg-blur{background-repeat: no-repeat;background-attachment: scroll;background-position: center center;background-size: cover;}.tatsu-icb069dr9g2k5hfc.tatsu-column > .tatsu-column-inner > .tatsu-column-pad-wrap > .tatsu-column-pad{padding: 35% 35% 35% 35% ;}.tatsu-icb069dr9g2k5hfc.tatsu-column > .tatsu-column-inner{border-width: 0 0 0 0;}.tatsu-icb069dr9g2k5hfc.tatsu-column > .tatsu-column-inner > .tatsu-column-overlay{mix-blend-mode: none;}.tatsu-icb069dr9g2k5hfc > .tatsu-column-inner > .tatsu-top-divider{z-index: 9999;}.tatsu-icb069dr9g2k5hfc > .tatsu-column-inner > .tatsu-bottom-divider{z-index: 9999;}.tatsu-icb069dr9g2k5hfc > .tatsu-column-inner > .tatsu-left-divider{z-index: 9999;}.tatsu-icb069dr9g2k5hfc > .tatsu-column-inner > .tatsu-right-divider{z-index: 9999;}.tatsu-icb069dr9g2k5hfc.tatsu-column{transform: translate3d(0px,0px, 0);}<\/style><\/div><div  class=\"tatsu-column  tatsu-column-no-bg tatsu-one-half tatsu-column-align-middle tatsu-column-image- tatsu-column-effect-  tatsu-icb069drcx9z9zls\" data-animation=\"flipInX\"   data-parallax-speed=\"0\" style=\"\"><div class=\"tatsu-column-inner \" ><div class=\"tatsu-column-pad-wrap\"><div class=\"tatsu-column-pad\" ><div  class=\"tatsu-module tatsu-text-block-wrap tatsu-icb069drgrc38x4y  \"><div class=\"tatsu-text-inner tatsu-align-center  clearfix\" data-animation=\"fadeIn\"  ><\/div><\/div><div  class=\"tatsu-module tatsu-divider-wrap tatsu-animate tatsu-icb069drhqfgrd54   \"  ><style>.tatsu-icb069drhqfgrd54 .tatsu-divider{height: 1px;width: 100%;background: rgba(239,239,239,0);}<\/style><hr class=\"tatsu-divider\"\/><\/div><div  class=\"special-subtitle-wrap  tatsu-icb069drix2ivwk9   tatsu-animate \" data-animation=\"fadeIn\"   ><div class=\"align-left\"><span class=\"special-subtitle\" >Un exemple de parcours<\/span><\/div><style>.tatsu-icb069drix2ivwk9 .special-subtitle{font-size: 27px;color: rgba(52,88,132,1) ;width: 100%;}.tatsu-icb069drix2ivwk9.special-subtitle-wrap{margin-bottom: 30px;}<\/style><\/div><div  class=\"tatsu-module tatsu-text-block-wrap tatsu-icb069drk79cwq49  \"><div class=\"tatsu-text-inner tatsu-align-center  clearfix\" data-animation=\"fadeIn\"  >\n<p>Avant d\u2019arriver en Europe, ces hommes et ces femmes traversent souvent des r\u00e9gions extr\u00eamement hostiles et dangereuses, que ce soit le d\u00e9sert de Lybie et le Soudan pour arriver aux portes de la la M\u00e9diterran\u00e9e. Certains empruntent la route des Balkans pour rallier l\u2019Europe, d\u2019autres traversent toute l\u2019Italie. Il faut donc consid\u00e9rer la difficult\u00e9, la dur\u00e9e, le prix et le danger d\u2019un tel voyage .<\/p>\n<p>Le continent Europ\u00e9en s\u2019est progressivement transform\u00e9 en forteresse et de nombreux migrants se retrouvent bloqu\u00e9s en Gr\u00e8ce, emp\u00each\u00e9s de poursuivre leur route \u00e0 cause du durcissement de la politique migratoire par de nombreux \u00c9tats membres. Les ambassades n&rsquo;offrant pas directement le statut de r\u00e9fugi\u00e9s, les r\u00e9fugi\u00e9s sont conduits \u00e0 r\u00e9mun\u00e9rer des passeurs pour se rendre sur le territoire de l&rsquo;Union europ\u00e9enne, en prenant des risques \u00e9normes pour leur survie et celle de leur famille, sans garantie aucune.<\/p>\n<p>Une fois arriv\u00e9 en France, ils vont devoir franchir de nombreuses barri\u00e8re administratives, afin de permettre aux autorit\u00e9s de d\u00e9finir leur statut : b\u00e9n\u00e9ficiaires de la protection subsidiaire, une protection temporaire qui donne droit \u00e0 une carte de s\u00e9jour d&rsquo;un an ou r\u00e9fugi\u00e9s statutaires ( politiques ) qui auront droit \u00e0 une protection de 10 ans. C\u2019est l\u2019OFPRA ( Office Fran\u00e7ais de Protection des R\u00e9fugi\u00e9s et Apatrides ) qui leur accordera un statut, apr\u00e8s une rencontre et une enqu\u00eate en lien avec Interpol.<\/p>\n<\/div><\/div><div  class=\"tatsu-module tatsu-divider-wrap tatsu-animate tatsu-icb069drl1cykc78   \"  ><style>.tatsu-icb069drl1cykc78 .tatsu-divider{height: 50px;width: 100%;background: rgba(239,239,239,0);}<\/style><hr class=\"tatsu-divider\"\/><\/div><\/div><\/div><div class = \"tatsu-column-bg-image-wrap\"><div class = \"tatsu-column-bg-image\" ><\/div><\/div><\/div><style>.tatsu-icb069drcx9z9zls.tatsu-column > .tatsu-column-inner > .tatsu-column-pad-wrap > .tatsu-column-pad{padding: 0% 10% 0% 10% ;}.tatsu-icb069drcx9z9zls.tatsu-column > .tatsu-column-inner{border-width: 0 0 0 0;}.tatsu-icb069drcx9z9zls.tatsu-column > .tatsu-column-inner > .tatsu-column-overlay{mix-blend-mode: none;}.tatsu-icb069drcx9z9zls > .tatsu-column-inner > .tatsu-top-divider{z-index: 9999;}.tatsu-icb069drcx9z9zls > .tatsu-column-inner > .tatsu-bottom-divider{z-index: 9999;}.tatsu-icb069drcx9z9zls > .tatsu-column-inner > .tatsu-left-divider{z-index: 9999;}.tatsu-icb069drcx9z9zls > .tatsu-column-inner > .tatsu-right-divider{z-index: 9999;}.tatsu-icb069drcx9z9zls.tatsu-column{transform: translate3d(0px,0px, 0);}<\/style><\/div><\/div><\/div><div class=\"tatsu-row-wrap  tatsu-row-full-width tatsu-row-has-one-half tatsu-row-has-two-cols tatsu-zero-margin tatsu-no-gutter tatsu-eq-cols  tatsu-clearfix tatsu-icb069drmo9vrk67\" ><div  class=\"tatsu-row \" ><div  class=\"tatsu-column  tatsu-column-no-bg tatsu-one-half tatsu-column-align-middle tatsu-column-image- tatsu-column-effect-  tatsu-icb069drotagqv4z\" data-animation=\"flipInX\"   data-parallax-speed=\"0\" style=\"\"><div class=\"tatsu-column-inner \" ><div class=\"tatsu-column-pad-wrap\"><div class=\"tatsu-column-pad\" ><div  class=\"tatsu-module tatsu-text-block-wrap tatsu-icb069drsvtr256  \"><div class=\"tatsu-text-inner tatsu-align-center  clearfix\" data-animation=\"fadeIn\"  ><\/div><\/div><div  class=\"tatsu-module tatsu-divider-wrap tatsu-animate tatsu-icb069drtsxgkqw   \"  ><style>.tatsu-icb069drtsxgkqw .tatsu-divider{height: 1px;width: 100%;background: rgba(239,239,239,0);}<\/style><hr class=\"tatsu-divider\"\/><\/div><div  class=\"special-subtitle-wrap  tatsu-icb069druxbpnfg   tatsu-animate \" data-animation=\"fadeIn\"   ><div class=\"align-left\"><span class=\"special-subtitle\" > Et en Ubaye ? <\/span><\/div><style>.tatsu-icb069druxbpnfg .special-subtitle{font-size: 27px;color: rgba(52,88,132,1) ;width: 100%;}.tatsu-icb069druxbpnfg.special-subtitle-wrap{margin-bottom: 30px;}<\/style><\/div><div  class=\"tatsu-module tatsu-text-block-wrap tatsu-icb069drw633cleq  \"><div class=\"tatsu-text-inner tatsu-align-center  clearfix\" data-animation=\"fadeIn\"  >\n<p>Arriv\u00e9s le 7 novembre \u00e0 Barcelonnette en bus, une quarantaine de demandeurs d\u2019asile a pris ses quartiers aux Allaris, dans le centre d\u2019accueil et d\u2019orientation g\u00e9r\u00e9 par Adoma. <br \/>Ils viennent d\u2019\u00c9rythr\u00e9e, du Soudan et de Somalie, ils ont travers\u00e9 le d\u00e9sert de Libye, la M\u00e9diterran\u00e9e et l\u2019Italie \u00e0 pied et souvent de nuit, pour arriver jusqu\u2019au camp de Stalingrad \u00e0 Paris. La majorit\u00e9 porte encore les traces des violences <br \/>physiques et morales qu\u2019ils ont subies, terrible prix \u00e0 payer pour fuir la guerre. <br \/>Ils ont entre 18 et 36 ans et sont dans un \u00e9tat de fatigue important. Les demandeurs d\u2019asile pr\u00e9sents \u00e0 Barcelonnette ont tous \u00e9t\u00e9 volontaires pour monter dans le bus. Aujourd\u2019hui ils per\u00e7oivent une aide de 4 euros par jour afin de subvenir \u00e0 leurs besoins essentiels.<\/p>\n<\/div><\/div><div  class=\"tatsu-module tatsu-divider-wrap tatsu-animate tatsu-icb069drwz1ih8k1   \"  ><style>.tatsu-icb069drwz1ih8k1 .tatsu-divider{height: 50px;width: 100%;background: rgba(239,239,239,0);}<\/style><hr class=\"tatsu-divider\"\/><\/div><\/div><\/div><div class = \"tatsu-column-bg-image-wrap\"><div class = \"tatsu-column-bg-image\" ><\/div><\/div><\/div><style>.tatsu-icb069drotagqv4z.tatsu-column > .tatsu-column-inner > .tatsu-column-pad-wrap > .tatsu-column-pad{padding: 0% 10% 0% 10% ;}.tatsu-icb069drotagqv4z.tatsu-column > .tatsu-column-inner{border-width: 0 0 0 0;}.tatsu-icb069drotagqv4z.tatsu-column > .tatsu-column-inner > .tatsu-column-overlay{mix-blend-mode: none;}.tatsu-icb069drotagqv4z > .tatsu-column-inner > .tatsu-top-divider{z-index: 9999;}.tatsu-icb069drotagqv4z > .tatsu-column-inner > .tatsu-bottom-divider{z-index: 9999;}.tatsu-icb069drotagqv4z > .tatsu-column-inner > .tatsu-left-divider{z-index: 9999;}.tatsu-icb069drotagqv4z > .tatsu-column-inner > .tatsu-right-divider{z-index: 9999;}.tatsu-icb069drotagqv4z.tatsu-column{transform: translate3d(0px,0px, 0);}<\/style><\/div><div  class=\"tatsu-column  tatsu-column-empty tatsu-one-half tatsu-column-align-middle tatsu-column-image- tatsu-column-effect-  tatsu-icb069dryo8jrpb5\" data-animation=\"flipInX\"   data-parallax-speed=\"0\" style=\"\"><div class=\"tatsu-column-inner \" ><div class=\"tatsu-column-pad-wrap\"><div class=\"tatsu-column-pad\" ><\/div><\/div><div class = \"tatsu-column-bg-image-wrap\"><div class = \"tatsu-column-bg-image\" ><\/div><\/div><\/div><style>.tatsu-icb069dryo8jrpb5.tatsu-column > .tatsu-column-inner > .tatsu-column-bg-image-wrap > .tatsu-column-bg-image{background-image: url(http:\/\/solidaritatubaye.fr\/wp-content\/uploads\/2017\/02\/contexte_04.jpg);background-repeat: no-repeat;background-attachment: scroll;background-position: bottom right;background-size: cover;}.tatsu-icb069dryo8jrpb5.tatsu-column > .tatsu-column-inner > .tatsu-bg-blur{background-repeat: no-repeat;background-attachment: scroll;background-position: bottom right;background-size: cover;}.tatsu-icb069dryo8jrpb5.tatsu-column > .tatsu-column-inner > .tatsu-column-pad-wrap > .tatsu-column-pad{padding: 25% 25% 25% 25% ;}.tatsu-icb069dryo8jrpb5.tatsu-column > .tatsu-column-inner{border-width: 0 0 0 0;}.tatsu-icb069dryo8jrpb5.tatsu-column > .tatsu-column-inner > .tatsu-column-overlay{mix-blend-mode: none;}.tatsu-icb069dryo8jrpb5 > .tatsu-column-inner > .tatsu-top-divider{z-index: 9999;}.tatsu-icb069dryo8jrpb5 > .tatsu-column-inner > .tatsu-bottom-divider{z-index: 9999;}.tatsu-icb069dryo8jrpb5 > .tatsu-column-inner > .tatsu-left-divider{z-index: 9999;}.tatsu-icb069dryo8jrpb5 > .tatsu-column-inner > .tatsu-right-divider{z-index: 9999;}.tatsu-icb069dryo8jrpb5.tatsu-column{transform: translate3d(0px,0px, 0);}<\/style><\/div><\/div><\/div><\/div><div class=\"tatsu-section-background-wrap\"><div class = \"tatsu-section-background\" ><\/div><\/div><style>.tatsu-icb069dp63bqz3zn{border-width: 0px 0px px 0px;border-style: solid;}.tatsu-icb069dp63bqz3zn .tatsu-section-pad{padding: 0px 0% 0px 0%;}.tatsu-icb069dp63bqz3zn.tatsu-section{margin: 0px 0px 0px 0px;}.tatsu-icb069dp63bqz3zn > .tatsu-bottom-divider{z-index: 9999;}.tatsu-icb069dp63bqz3zn > .tatsu-top-divider{z-index: 9999;}@media only screen and (max-width:1377px) {.tatsu-icb069dp63bqz3zn{border-style: solid;}}@media only screen and (min-width:768px) and (max-width: 1024px) {.tatsu-icb069dp63bqz3zn{border-style: solid;}}@media only screen and (max-width: 767px) {.tatsu-icb069dp63bqz3zn{border-style: solid;}}<\/style><\/div>\n","protected":false},"excerpt":{"rendered":"<p><a href=\"https:\/\/solidaritatubaye.fr\/?page_id=3534\" class=\"more-link style3-button\">Read More<\/a><\/p>","protected":false},"author":1,"featured_media":0,"parent":0,"menu_order":0,"comment_status":"open","ping_status":"closed","template":"","meta":[],"_links":{"self":[{"href":"https:\/\/solidaritatubaye.fr\/index.php?rest_route=\/wp\/v2\/pages\/3534"}],"collection":[{"href":"https:\/\/solidaritatubaye.fr\/index.php?rest_route=\/wp\/v2\/pages"}],"about":[{"href":"https:\/\/solidaritatubaye.fr\/index.php?rest_route=\/wp\/v2\/types\/page"}],"author":[{"embeddable":true,"href":"https:\/\/solidaritatubaye.fr\/index.php?rest_route=\/wp\/v2\/users\/1"}],"replies":[{"embeddable":true,"href":"https:\/\/solidaritatubaye.fr\/index.php?rest_route=%2Fwp%2Fv2%2Fcomments&post=3534"}],"version-history":[{"count":9,"href":"https:\/\/solidaritatubaye.fr\/index.php?rest_route=\/wp\/v2\/pages\/3534\/revisions"}],"predecessor-version":[{"id":3721,"href":"https:\/\/solidaritatubaye.fr\/index.php?rest_route=\/wp\/v2\/pages\/3534\/revisions\/3721"}],"wp:attachment":[{"href":"https:\/\/solidaritatubaye.fr\/index.php?rest_route=%2Fwp%2Fv2%2Fmedia&parent=3534"}],"curies":[{"name":"wp","href":"https:\/\/api.w.org\/{rel}","templated":true}]}}