{"id":3514,"date":"2017-02-07T14:36:47","date_gmt":"2017-02-07T13:36:47","guid":{"rendered":"http:\/\/solidaritatubaye.fr\/?page_id=3514"},"modified":"2017-04-03T10:37:33","modified_gmt":"2017-04-03T08:37:33","slug":"nos-actions","status":"publish","type":"page","link":"https:\/\/solidaritatubaye.fr\/?page_id=3514","title":{"rendered":"Nos activit\u00e9s"},"content":{"rendered":"<div  class=\"tatsu-ici6mhoxky27asrd tatsu-section    tatsu-clearfix\" data-title=\"\"  data-headerscheme=\"background--light\"><div class='tatsu-section-pad clearfix' data-padding='0px 0% 0px 0%' data-padding-top='0px'><div class=\"tatsu-row-wrap  tatsu-row-full-width tatsu-row-has-one-half tatsu-row-has-two-cols tatsu-zero-margin tatsu-no-gutter tatsu-eq-cols  tatsu-clearfix tatsu-ici6mhpdghexwx1o\" ><div  class=\"tatsu-row \" ><div  class=\"tatsu-column  tatsu-column-empty tatsu-one-half tatsu-column-align-middle tatsu-column-image- tatsu-column-effect-  tatsu-ici6mhpdlr80cboj\" data-animation=\"flipInX\"   data-parallax-speed=\"0\" style=\"\"><div class=\"tatsu-column-inner \" ><div class=\"tatsu-column-pad-wrap\"><div class=\"tatsu-column-pad\" ><\/div><\/div><div class = \"tatsu-column-bg-image-wrap\"><div class = \"tatsu-column-bg-image\" ><\/div><\/div><\/div><style>.tatsu-ici6mhpdlr80cboj.tatsu-column > .tatsu-column-inner > .tatsu-column-bg-image-wrap > .tatsu-column-bg-image{background-image: url(http:\/\/solidaritatubaye.fr\/wp-content\/uploads\/2017\/02\/actions1.jpg);background-repeat: no-repeat;background-attachment: scroll;background-position: center center;background-size: cover;}.tatsu-ici6mhpdlr80cboj.tatsu-column > .tatsu-column-inner > .tatsu-bg-blur{background-repeat: no-repeat;background-attachment: scroll;background-position: center center;background-size: cover;}.tatsu-ici6mhpdlr80cboj.tatsu-column > .tatsu-column-inner > .tatsu-column-pad-wrap > .tatsu-column-pad{padding: 22% 22% 22% 22% ;}.tatsu-ici6mhpdlr80cboj.tatsu-column > .tatsu-column-inner{border-width: 0 0 0 0;}.tatsu-ici6mhpdlr80cboj.tatsu-column > .tatsu-column-inner > .tatsu-column-overlay{mix-blend-mode: none;}.tatsu-ici6mhpdlr80cboj > .tatsu-column-inner > .tatsu-top-divider{z-index: 9999;}.tatsu-ici6mhpdlr80cboj > .tatsu-column-inner > .tatsu-bottom-divider{z-index: 9999;}.tatsu-ici6mhpdlr80cboj > .tatsu-column-inner > .tatsu-left-divider{z-index: 9999;}.tatsu-ici6mhpdlr80cboj > .tatsu-column-inner > .tatsu-right-divider{z-index: 9999;}.tatsu-ici6mhpdlr80cboj.tatsu-column{transform: translate3d(0px,0px, 0);}<\/style><\/div><div  class=\"tatsu-column  tatsu-column-no-bg tatsu-one-half tatsu-column-align-middle tatsu-column-image- tatsu-column-effect-  tatsu-ici6mhpdsol3kxj\" data-animation=\"flipInX\"   data-parallax-speed=\"0\" style=\"\"><div class=\"tatsu-column-inner \" ><div class=\"tatsu-column-pad-wrap\"><div class=\"tatsu-column-pad\" ><div  class=\"tatsu-module tatsu-text-block-wrap tatsu-ici6mhpdxzh4jxd  \"><div class=\"tatsu-text-inner tatsu-align-center  clearfix\" data-animation=\"fadeIn\"  ><\/div><\/div><div  class=\"tatsu-module tatsu-divider-wrap tatsu-animate tatsu-ici6mhpe033ha7bk   \"  ><style>.tatsu-ici6mhpe033ha7bk .tatsu-divider{height: 1px;width: 100%;background: rgba(239,239,239,0);}<\/style><hr class=\"tatsu-divider\"\/><\/div><div  class=\"special-subtitle-wrap  tatsu-ici6mhpe2ag86k6d   tatsu-animate \" data-animation=\"fadeIn\"   ><div class=\"align-left\"><span class=\"special-subtitle\" >Ateliers linguistiques<\/span><\/div><style>.tatsu-ici6mhpe2ag86k6d .special-subtitle{font-size: 27px;color: rgba(52,88,132,1) ;width: 100%;}.tatsu-ici6mhpe2ag86k6d.special-subtitle-wrap{margin-bottom: 30px;}<\/style><\/div><div  class=\"tatsu-module tatsu-text-block-wrap tatsu-ici6mhpe4ec1z010  \"><div class=\"tatsu-text-inner   clearfix\" data-animation=\"fadeIn\"  ><style>.tatsu-ici6mhpe4ec1z010.tatsu-text-block-wrap .tatsu-text-inner{width: 100%;}<\/style>\n<p>Ils ont fui l\u2019oppression et la guerre. Ils s\u2019appellent Ahmed, Alkhatab ou Yousef. Ils sont Somaliens, Soudanais ou Erythr\u00e9ens. Quand on a tout quitt\u00e9, il est primordial de ma\u00eetriser la langue pour gagner en libert\u00e9 et en autonomie. C\u2019est pourquoi Solidaritat s\u2019efforce d\u2019accompagner des demandeurs d\u2019asile et des r\u00e9fugi\u00e9s dans leur apprentissage de la langue fran\u00e7aise. L\u2019association a donc initi\u00e9 un programme de 16 heures de cours, chaque apprenant ayant 4 heures de fran\u00e7ais par semaine.<\/p>\n<\/div><\/div><div  class=\"tatsu-module tatsu-divider-wrap tatsu-animate tatsu-ici6mhpe619cyhx4   \"  ><style>.tatsu-ici6mhpe619cyhx4 .tatsu-divider{height: 50px;width: 100%;background: rgba(239,239,239,0);}<\/style><hr class=\"tatsu-divider\"\/><\/div><\/div><\/div><div class = \"tatsu-column-bg-image-wrap\"><div class = \"tatsu-column-bg-image\" ><\/div><\/div><\/div><style>.tatsu-ici6mhpdsol3kxj.tatsu-column > .tatsu-column-inner > .tatsu-column-pad-wrap > .tatsu-column-pad{padding: 0% 10% 0% 10% ;}.tatsu-ici6mhpdsol3kxj.tatsu-column > .tatsu-column-inner{border-width: 0 0 0 0;}.tatsu-ici6mhpdsol3kxj.tatsu-column > .tatsu-column-inner > .tatsu-column-overlay{mix-blend-mode: none;}.tatsu-ici6mhpdsol3kxj > .tatsu-column-inner > .tatsu-top-divider{z-index: 9999;}.tatsu-ici6mhpdsol3kxj > .tatsu-column-inner > .tatsu-bottom-divider{z-index: 9999;}.tatsu-ici6mhpdsol3kxj > .tatsu-column-inner > .tatsu-left-divider{z-index: 9999;}.tatsu-ici6mhpdsol3kxj > .tatsu-column-inner > .tatsu-right-divider{z-index: 9999;}.tatsu-ici6mhpdsol3kxj.tatsu-column{transform: translate3d(0px,0px, 0);}<\/style><\/div><\/div><\/div><div class=\"tatsu-row-wrap  tatsu-row-full-width tatsu-row-has-one-half tatsu-row-has-two-cols tatsu-zero-margin tatsu-no-gutter tatsu-eq-cols  tatsu-clearfix tatsu-ici6mhpe807q6ihn\" ><div  class=\"tatsu-row \" ><div  class=\"tatsu-column  tatsu-column-no-bg tatsu-one-half tatsu-column-align-middle tatsu-column-image- tatsu-column-effect-  tatsu-ici6mhpebi4jlaae\" data-animation=\"flipInX\"   data-parallax-speed=\"0\" style=\"\"><div class=\"tatsu-column-inner \" ><div class=\"tatsu-column-pad-wrap\"><div class=\"tatsu-column-pad\" ><div  class=\"tatsu-module tatsu-text-block-wrap tatsu-ici6mhpehfg4zymm  \"><div class=\"tatsu-text-inner tatsu-align-center  clearfix\" data-animation=\"fadeIn\"  ><\/div><\/div><div  class=\"tatsu-module tatsu-divider-wrap tatsu-animate tatsu-ici6mhpej0es9d2q   \"  ><style>.tatsu-ici6mhpej0es9d2q .tatsu-divider{height: 1px;width: 100%;background: rgba(239,239,239,0);}<\/style><hr class=\"tatsu-divider\"\/><\/div><div  class=\"special-subtitle-wrap  tatsu-ici6mhpeld69kkxo   tatsu-animate \" data-animation=\"fadeIn\"   ><div class=\"align-left\"><span class=\"special-subtitle\" >Ateliers socio\/culturels<\/span><\/div><style>.tatsu-ici6mhpeld69kkxo .special-subtitle{font-size: 27px;color: rgba(52,88,132,1) ;width: 100%;}.tatsu-ici6mhpeld69kkxo.special-subtitle-wrap{margin-bottom: 30px;}<\/style><\/div><div  class=\"tatsu-module tatsu-text-block-wrap tatsu-ici6mhpen8ar3n86  \"><div class=\"tatsu-text-inner   clearfix\" data-animation=\"fadeIn\"  ><style>.tatsu-ici6mhpen8ar3n86.tatsu-text-block-wrap .tatsu-text-inner{width: 100%;}<\/style>\n<p>Pour \u00e9viter l\u2019isolement de ces jeunes, Solidaritat propose un ensemble d\u2019activit\u00e9s culturelles destin\u00e9es \u00e0 les familiariser avec la culture fran\u00e7aise \u00e0 travers la cuisine, des ateliers manuels, des jeux de soci\u00e9t\u00e9, des ateliers de conversation ou de th\u00e9\u00e2tre etc.<\/p>\n<\/div><\/div><div  class=\"tatsu-module tatsu-divider-wrap tatsu-animate tatsu-ici6mhpeol7mvxvh   \"  ><style>.tatsu-ici6mhpeol7mvxvh .tatsu-divider{height: 50px;width: 100%;background: rgba(239,239,239,0);}<\/style><hr class=\"tatsu-divider\"\/><\/div><\/div><\/div><div class = \"tatsu-column-bg-image-wrap\"><div class = \"tatsu-column-bg-image\" ><\/div><\/div><\/div><style>.tatsu-ici6mhpebi4jlaae.tatsu-column > .tatsu-column-inner > .tatsu-column-pad-wrap > .tatsu-column-pad{padding: 0% 10% 0% 10% ;}.tatsu-ici6mhpebi4jlaae.tatsu-column > .tatsu-column-inner{border-width: 0 0 0 0;}.tatsu-ici6mhpebi4jlaae.tatsu-column > .tatsu-column-inner > .tatsu-column-overlay{mix-blend-mode: none;}.tatsu-ici6mhpebi4jlaae > .tatsu-column-inner > .tatsu-top-divider{z-index: 9999;}.tatsu-ici6mhpebi4jlaae > .tatsu-column-inner > .tatsu-bottom-divider{z-index: 9999;}.tatsu-ici6mhpebi4jlaae > .tatsu-column-inner > .tatsu-left-divider{z-index: 9999;}.tatsu-ici6mhpebi4jlaae > .tatsu-column-inner > .tatsu-right-divider{z-index: 9999;}.tatsu-ici6mhpebi4jlaae.tatsu-column{transform: translate3d(0px,0px, 0);}<\/style><\/div><div  class=\"tatsu-column  tatsu-column-empty tatsu-one-half tatsu-column-align-middle tatsu-column-image- tatsu-column-effect-  tatsu-ici6mhpeqvbil2gx\" data-animation=\"flipInX\"   data-parallax-speed=\"0\" style=\"\"><div class=\"tatsu-column-inner \" ><div class=\"tatsu-column-pad-wrap\"><div class=\"tatsu-column-pad\" ><\/div><\/div><div class = \"tatsu-column-bg-image-wrap\"><div class = \"tatsu-column-bg-image\" ><\/div><\/div><\/div><style>.tatsu-ici6mhpeqvbil2gx.tatsu-column > .tatsu-column-inner > .tatsu-column-bg-image-wrap > .tatsu-column-bg-image{background-image: url(http:\/\/solidaritatubaye.fr\/wp-content\/uploads\/2017\/02\/actions2.jpg);background-repeat: no-repeat;background-attachment: scroll;background-position: center center;background-size: cover;}.tatsu-ici6mhpeqvbil2gx.tatsu-column > .tatsu-column-inner > .tatsu-bg-blur{background-repeat: no-repeat;background-attachment: scroll;background-position: center center;background-size: cover;}.tatsu-ici6mhpeqvbil2gx.tatsu-column > .tatsu-column-inner > .tatsu-column-pad-wrap > .tatsu-column-pad{padding: 22% 22% 22% 22% ;}.tatsu-ici6mhpeqvbil2gx.tatsu-column > .tatsu-column-inner{border-width: 0 0 0 0;}.tatsu-ici6mhpeqvbil2gx.tatsu-column > .tatsu-column-inner > .tatsu-column-overlay{mix-blend-mode: none;}.tatsu-ici6mhpeqvbil2gx > .tatsu-column-inner > .tatsu-top-divider{z-index: 9999;}.tatsu-ici6mhpeqvbil2gx > .tatsu-column-inner > .tatsu-bottom-divider{z-index: 9999;}.tatsu-ici6mhpeqvbil2gx > .tatsu-column-inner > .tatsu-left-divider{z-index: 9999;}.tatsu-ici6mhpeqvbil2gx > .tatsu-column-inner > .tatsu-right-divider{z-index: 9999;}.tatsu-ici6mhpeqvbil2gx.tatsu-column{transform: translate3d(0px,0px, 0);}<\/style><\/div><\/div><\/div><div class=\"tatsu-row-wrap  tatsu-row-full-width tatsu-row-has-one-half tatsu-row-has-two-cols tatsu-zero-margin tatsu-no-gutter tatsu-eq-cols  tatsu-clearfix tatsu-ici6mhpex32jhrgs\" ><div  class=\"tatsu-row \" ><div  class=\"tatsu-column  tatsu-column-empty tatsu-one-half tatsu-column-align-middle tatsu-column-image- tatsu-column-effect-  tatsu-ici6mhpf117v4zxn\" data-animation=\"flipInX\"   data-parallax-speed=\"0\" style=\"\"><div class=\"tatsu-column-inner \" ><div class=\"tatsu-column-pad-wrap\"><div class=\"tatsu-column-pad\" ><\/div><\/div><div class = \"tatsu-column-bg-image-wrap\"><div class = \"tatsu-column-bg-image\" ><\/div><\/div><\/div><style>.tatsu-ici6mhpf117v4zxn.tatsu-column > .tatsu-column-inner > .tatsu-column-bg-image-wrap > .tatsu-column-bg-image{background-image: url(http:\/\/solidaritatubaye.fr\/wp-content\/uploads\/2017\/02\/actions.jpg);background-repeat: no-repeat;background-attachment: scroll;background-position: center center;background-size: cover;}.tatsu-ici6mhpf117v4zxn.tatsu-column > .tatsu-column-inner > .tatsu-bg-blur{background-repeat: no-repeat;background-attachment: scroll;background-position: center center;background-size: cover;}.tatsu-ici6mhpf117v4zxn.tatsu-column > .tatsu-column-inner > .tatsu-column-pad-wrap > .tatsu-column-pad{padding: 22% 22% 22% 22% ;}.tatsu-ici6mhpf117v4zxn.tatsu-column > .tatsu-column-inner{border-width: 0 0 0 0;}.tatsu-ici6mhpf117v4zxn.tatsu-column > .tatsu-column-inner > .tatsu-column-overlay{mix-blend-mode: none;}.tatsu-ici6mhpf117v4zxn > .tatsu-column-inner > .tatsu-top-divider{z-index: 9999;}.tatsu-ici6mhpf117v4zxn > .tatsu-column-inner > .tatsu-bottom-divider{z-index: 9999;}.tatsu-ici6mhpf117v4zxn > .tatsu-column-inner > .tatsu-left-divider{z-index: 9999;}.tatsu-ici6mhpf117v4zxn > .tatsu-column-inner > .tatsu-right-divider{z-index: 9999;}.tatsu-ici6mhpf117v4zxn.tatsu-column{transform: translate3d(0px,0px, 0);}<\/style><\/div><div  class=\"tatsu-column  tatsu-column-no-bg tatsu-one-half tatsu-column-align-middle tatsu-column-image- tatsu-column-effect-  tatsu-ici6mhpf791e6yby\" data-animation=\"flipInX\"   data-parallax-speed=\"0\" style=\"\"><div class=\"tatsu-column-inner \" ><div class=\"tatsu-column-pad-wrap\"><div class=\"tatsu-column-pad\" ><div  class=\"tatsu-module tatsu-text-block-wrap tatsu-ici6mhpfd5a8opcm  \"><div class=\"tatsu-text-inner tatsu-align-center  clearfix\" data-animation=\"fadeIn\"  ><\/div><\/div><div  class=\"tatsu-module tatsu-divider-wrap tatsu-animate tatsu-ici6mhpfes3d2ru4   \"  ><style>.tatsu-ici6mhpfes3d2ru4 .tatsu-divider{height: 1px;width: 100%;background: rgba(239,239,239,0);}<\/style><hr class=\"tatsu-divider\"\/><\/div><div  class=\"special-subtitle-wrap  tatsu-ici6mhpfgmdhgmrw   tatsu-animate \" data-animation=\"fadeIn\"   ><div class=\"align-left\"><span class=\"special-subtitle\" >Ateliers sportifs et artistiques<\/span><\/div><style>.tatsu-ici6mhpfgmdhgmrw .special-subtitle{font-size: 27px;color: rgba(52,88,132,1) ;width: 100%;}.tatsu-ici6mhpfgmdhgmrw.special-subtitle-wrap{margin-bottom: 30px;}<\/style><\/div><div  class=\"tatsu-module tatsu-text-block-wrap tatsu-ici6mhpfi560galu  \"><div class=\"tatsu-text-inner tatsu-align-center  clearfix\" data-animation=\"fadeIn\"  >\n<p>L\u2019association fait aussi la part belle aux sports en organisant des rencontres\u00a0: foot, raquettes, ski, randonn\u00e9e, escalade\u2026<\/p>\n<p>Les ateliers artistiques ne sont pas oubli\u00e9s et connaissent un franc succ\u00e8s avec la musique, le dessin et la peinture etc.<\/p>\n<\/div><\/div><div  class=\"tatsu-module tatsu-divider-wrap tatsu-animate tatsu-ici6mhpfj2apzji5   \"  ><style>.tatsu-ici6mhpfj2apzji5 .tatsu-divider{height: 50px;width: 100%;background: rgba(239,239,239,0);}<\/style><hr class=\"tatsu-divider\"\/><\/div><\/div><\/div><div class = \"tatsu-column-bg-image-wrap\"><div class = \"tatsu-column-bg-image\" ><\/div><\/div><\/div><style>.tatsu-ici6mhpf791e6yby.tatsu-column > .tatsu-column-inner > .tatsu-column-pad-wrap > .tatsu-column-pad{padding: 0% 10% 0% 10% ;}.tatsu-ici6mhpf791e6yby.tatsu-column > .tatsu-column-inner{border-width: 0 0 0 0;}.tatsu-ici6mhpf791e6yby.tatsu-column > .tatsu-column-inner > .tatsu-column-overlay{mix-blend-mode: none;}.tatsu-ici6mhpf791e6yby > .tatsu-column-inner > .tatsu-top-divider{z-index: 9999;}.tatsu-ici6mhpf791e6yby > .tatsu-column-inner > .tatsu-bottom-divider{z-index: 9999;}.tatsu-ici6mhpf791e6yby > .tatsu-column-inner > .tatsu-left-divider{z-index: 9999;}.tatsu-ici6mhpf791e6yby > .tatsu-column-inner > .tatsu-right-divider{z-index: 9999;}.tatsu-ici6mhpf791e6yby.tatsu-column{transform: translate3d(0px,0px, 0);}<\/style><\/div><\/div><\/div><div class=\"tatsu-row-wrap  tatsu-row-full-width tatsu-row-has-one-half tatsu-row-has-two-cols tatsu-zero-margin tatsu-no-gutter tatsu-eq-cols  tatsu-clearfix tatsu-ici6mhpfkttx13f\" ><div  class=\"tatsu-row \" ><div  class=\"tatsu-column  tatsu-column-no-bg tatsu-one-half tatsu-column-align-middle tatsu-column-image- tatsu-column-effect-  tatsu-ici6mhpfok3gn7wf\" data-animation=\"flipInX\"   data-parallax-speed=\"0\" style=\"\"><div class=\"tatsu-column-inner \" ><div class=\"tatsu-column-pad-wrap\"><div class=\"tatsu-column-pad\" ><div  class=\"tatsu-module tatsu-text-block-wrap tatsu-ici6mhpfv6eyt1h6  \"><div class=\"tatsu-text-inner tatsu-align-center  clearfix\" data-animation=\"fadeIn\"  ><\/div><\/div><div  class=\"tatsu-module tatsu-divider-wrap tatsu-animate tatsu-ici6mhpfwffpmfm3   \"  ><style>.tatsu-ici6mhpfwffpmfm3 .tatsu-divider{height: 1px;width: 100%;background: rgba(239,239,239,0);}<\/style><hr class=\"tatsu-divider\"\/><\/div><div  class=\"special-subtitle-wrap  tatsu-ici6mhpfyi8fhg4p   tatsu-animate \" data-animation=\"fadeIn\"   ><div class=\"align-left\"><span class=\"special-subtitle\" >Ev\u00e8nements et accompagnement<\/span><\/div><style>.tatsu-ici6mhpfyi8fhg4p .special-subtitle{font-size: 27px;color: rgba(52,88,132,1) ;width: 100%;}.tatsu-ici6mhpfyi8fhg4p.special-subtitle-wrap{margin-bottom: 30px;}<\/style><\/div><div  class=\"tatsu-module tatsu-text-block-wrap tatsu-ici6mhpfzvff9ua1  \"><div class=\"tatsu-text-inner tatsu-align-center  clearfix\" data-animation=\"fadeIn\"  >\n<p>\t<!--\n\t\t@page { margin: 2cm }\n\t\tP { margin-bottom: 0.21cm }\n\t--><\/p>\n<p>La proc\u00e9dure de demande d\u2019asile est une longue attente sans rep\u00e8res c\u2019est pourquoi l\u2019association favorise l\u2019int\u00e9gration des jeunes \u00e0 travers des \u00e9changes avec les habitants de la vall\u00e9e, des f\u00eates (No\u00ebl), des rencontres (m\u00e9diath\u00e8que), des visites dans leurs appartements etc. pour \u00e9viter que l\u2019isolement ne s\u2019installe.<\/p>\n<\/div><\/div><div  class=\"tatsu-module tatsu-divider-wrap tatsu-animate tatsu-ici6mhpg0rf3milj   \"  ><style>.tatsu-ici6mhpg0rf3milj .tatsu-divider{height: 50px;width: 100%;background: rgba(239,239,239,0);}<\/style><hr class=\"tatsu-divider\"\/><\/div><\/div><\/div><div class = \"tatsu-column-bg-image-wrap\"><div class = \"tatsu-column-bg-image\" ><\/div><\/div><\/div><style>.tatsu-ici6mhpfok3gn7wf.tatsu-column > .tatsu-column-inner > .tatsu-column-pad-wrap > .tatsu-column-pad{padding: 0% 10% 0% 10% ;}.tatsu-ici6mhpfok3gn7wf.tatsu-column > .tatsu-column-inner{border-width: 0 0 0 0;}.tatsu-ici6mhpfok3gn7wf.tatsu-column > .tatsu-column-inner > .tatsu-column-overlay{mix-blend-mode: none;}.tatsu-ici6mhpfok3gn7wf > .tatsu-column-inner > .tatsu-top-divider{z-index: 9999;}.tatsu-ici6mhpfok3gn7wf > .tatsu-column-inner > .tatsu-bottom-divider{z-index: 9999;}.tatsu-ici6mhpfok3gn7wf > .tatsu-column-inner > .tatsu-left-divider{z-index: 9999;}.tatsu-ici6mhpfok3gn7wf > .tatsu-column-inner > .tatsu-right-divider{z-index: 9999;}.tatsu-ici6mhpfok3gn7wf.tatsu-column{transform: translate3d(0px,0px, 0);}<\/style><\/div><div  class=\"tatsu-column  tatsu-column-empty tatsu-one-half tatsu-column-align-middle tatsu-column-image- tatsu-column-effect-  tatsu-ici6mhpg2v5f9e0d\" data-animation=\"flipInX\"   data-parallax-speed=\"0\" style=\"\"><div class=\"tatsu-column-inner \" ><div class=\"tatsu-column-pad-wrap\"><div class=\"tatsu-column-pad\" ><\/div><\/div><div class = \"tatsu-column-bg-image-wrap\"><div class = \"tatsu-column-bg-image\" ><\/div><\/div><\/div><style>.tatsu-ici6mhpg2v5f9e0d.tatsu-column > .tatsu-column-inner > .tatsu-column-bg-image-wrap > .tatsu-column-bg-image{background-image: url(http:\/\/solidaritatubaye.fr\/wp-content\/uploads\/2017\/02\/actions4.jpg);background-repeat: no-repeat;background-attachment: scroll;background-position: center center;background-size: cover;}.tatsu-ici6mhpg2v5f9e0d.tatsu-column > .tatsu-column-inner > .tatsu-bg-blur{background-repeat: no-repeat;background-attachment: scroll;background-position: center center;background-size: cover;}.tatsu-ici6mhpg2v5f9e0d.tatsu-column > .tatsu-column-inner > .tatsu-column-pad-wrap > .tatsu-column-pad{padding: 22% 22% 22% 22% ;}.tatsu-ici6mhpg2v5f9e0d.tatsu-column > .tatsu-column-inner{border-width: 0 0 0 0;}.tatsu-ici6mhpg2v5f9e0d.tatsu-column > .tatsu-column-inner > .tatsu-column-overlay{mix-blend-mode: none;}.tatsu-ici6mhpg2v5f9e0d > .tatsu-column-inner > .tatsu-top-divider{z-index: 9999;}.tatsu-ici6mhpg2v5f9e0d > .tatsu-column-inner > .tatsu-bottom-divider{z-index: 9999;}.tatsu-ici6mhpg2v5f9e0d > .tatsu-column-inner > .tatsu-left-divider{z-index: 9999;}.tatsu-ici6mhpg2v5f9e0d > .tatsu-column-inner > .tatsu-right-divider{z-index: 9999;}.tatsu-ici6mhpg2v5f9e0d.tatsu-column{transform: translate3d(0px,0px, 0);}<\/style><\/div><\/div><\/div><\/div><div class=\"tatsu-section-background-wrap\"><div class = \"tatsu-section-background\" ><\/div><\/div><style>.tatsu-ici6mhoxky27asrd{border-width: 0px 0px px 0px;border-style: solid;}.tatsu-ici6mhoxky27asrd .tatsu-section-pad{padding: 0px 0% 0px 0%;}.tatsu-ici6mhoxky27asrd.tatsu-section{margin: 0px 0px 0px 0px;}.tatsu-ici6mhoxky27asrd > .tatsu-bottom-divider{z-index: 9999;}.tatsu-ici6mhoxky27asrd > .tatsu-top-divider{z-index: 9999;}@media only screen and (max-width:1377px) {.tatsu-ici6mhoxky27asrd{border-style: solid;}}@media only screen and (min-width:768px) and (max-width: 1024px) {.tatsu-ici6mhoxky27asrd{border-style: solid;}}@media only screen and (max-width: 767px) {.tatsu-ici6mhoxky27asrd{border-style: solid;}}<\/style><\/div>\n","protected":false},"excerpt":{"rendered":"<p><a href=\"https:\/\/solidaritatubaye.fr\/?page_id=3514\" class=\"more-link style3-button\">Read More<\/a><\/p>","protected":false},"author":1,"featured_media":0,"parent":0,"menu_order":0,"comment_status":"open","ping_status":"closed","template":"","meta":[],"_links":{"self":[{"href":"https:\/\/solidaritatubaye.fr\/index.php?rest_route=\/wp\/v2\/pages\/3514"}],"collection":[{"href":"https:\/\/solidaritatubaye.fr\/index.php?rest_route=\/wp\/v2\/pages"}],"about":[{"href":"https:\/\/solidaritatubaye.fr\/index.php?rest_route=\/wp\/v2\/types\/page"}],"author":[{"embeddable":true,"href":"https:\/\/solidaritatubaye.fr\/index.php?rest_route=\/wp\/v2\/users\/1"}],"replies":[{"embeddable":true,"href":"https:\/\/solidaritatubaye.fr\/index.php?rest_route=%2Fwp%2Fv2%2Fcomments&post=3514"}],"version-history":[{"count":10,"href":"https:\/\/solidaritatubaye.fr\/index.php?rest_route=\/wp\/v2\/pages\/3514\/revisions"}],"predecessor-version":[{"id":3696,"href":"https:\/\/solidaritatubaye.fr\/index.php?rest_route=\/wp\/v2\/pages\/3514\/revisions\/3696"}],"wp:attachment":[{"href":"https:\/\/solidaritatubaye.fr\/index.php?rest_route=%2Fwp%2Fv2%2Fmedia&parent=3514"}],"curies":[{"name":"wp","href":"https:\/\/api.w.org\/{rel}","templated":true}]}}